{"id":534,"date":"2018-04-13T15:50:12","date_gmt":"2018-04-13T15:50:12","guid":{"rendered":"https:\/\/willcheck.ca\/hestia-front\/"},"modified":"2018-11-08T19:14:46","modified_gmt":"2018-11-08T19:14:46","slug":"hestia-front","status":"publish","type":"page","link":"https:\/\/willcheck.ca\/qc\/","title":{"rendered":"Front Page"},"content":{"rendered":"<h4 class=\"title\" style=\"text-align: left\">Qu&#8217;est-ce que Will Check?<\/h4>\n<p>Une longue p\u00e9riode de temps s&#8217;\u00e9coule souvent entre la date \u00e0 laquelle quelqu&#8217;un qui fait un testament et la date \u00e0 laquelle quelqu&#8217;un d&#8217;autre a besoin de le r\u00e9cup\u00e9rer. Les avocats qui changent de bureau, d\u00e9m\u00e9nagent, prennent leur retraite ou quittent la pratique du droit peuvent compliquer le processus de r\u00e9cup\u00e9ration d&#8217;un testament. Will Check stocke des informations sur l&#8217;emplacement des testaments pour aider \u00e0 r\u00e9soudre ce probl\u00e8me. Nous ne stockons pas les testaments eux-m\u00eames, seulement des renseignements par rapport \u00e0 leur lieu de d\u00e9tention tels que soumis \u00e0 l&#8217;ABCC.<\/p>\n<p>Will Check est maintenu par <a href=\"http:\/\/www.ccla-abcc.ca\" target=\"_blank\" rel=\"noopener\">l&#8217;Association du Barreau du Comt\u00e9 de Carleton<\/a> et est actuellement r\u00e9serv\u00e9 aux avocats autoris\u00e9s.<\/p>\n<p>\u00a0<\/p>\n<p>\u00a0<\/p>\n<p>\u00a0<\/p>\n<h4 style=\"text-align: center\"><strong>Comment \u00e7a marche?<\/strong><\/h4>\n<p style=\"text-align: left\"><div class='content-column one_third'><div style=\"padding:20px 40px 20px 40px;\"><p style=\"text-align: center\"><a href=\"\/qc\/register\"><strong><i class=\"fa fa-pencil-square-o fa-3x\"><\/i><\/strong><\/a><\/p>\n<h5 style=\"text-align: center\">Enregistrer un testament<\/h5>\n<p><i class=\"fa fa-check-square\"><\/i>\u00a0 Examinez <a href=\"\/wp-content\/uploads\/Sample-Release-FR.docx\">l\u2019autorisation du client<\/a> avec votre client et faites-la lui signer pour vous permettre de proc\u00e9der.<\/p>\n<p><i class=\"fa fa-check-square\"><\/i>\u00a0 Soumettez-nous les renseignements au moyen du formulaire intitul\u00e9 <a href=\"\/qc\/register\">Enregistrer un testament<\/a>. Si vous pr\u00e9f\u00e9rez, <a href=\"\/qc\/batch\">envoyez-nous un fichier .xlsx<\/a> avec vos informations \u00e0 la place!<\/p><\/div><\/div><\/p>\n<p style=\"text-align: left\"><div class='content-column one_third'><div style=\"padding:20px 40px 20px 40px;\"><p style=\"text-align: center\"><a href=\"\/qc\/find\"><i class=\"fa fa-search fa-3x\"><\/i><\/a><\/p>\n<h5 style=\"text-align: center\">Rep\u00e9rer un testament<\/h5>\n<p style=\"text-align: left\">Remplir le formulaire sur la page <a href=\"\/qc\/find\">Rep\u00e9rer un testament<\/a>.<\/p>\n<p style=\"text-align: left\">Et le tour est jou\u00e9! Nous communiquerons avec vous dans les trois jours ouvrables suivants.<\/p><\/div><\/div><\/p>\n<p style=\"text-align: left\"><div class='content-column one_third'><div style=\"padding:20px 40px 20px 40px;\"><p style=\"text-align: center\"><a href=\"\/qc\/retiring\"><i class=\"fa fa-truck fa-3x\"><\/i><\/a><\/p>\n<h5 style=\"text-align: center\">D\u00e9part \u00e0 la retraite<\/h5>\n<p>Vous partez \u00e0 la retraite ou cessez d\u2019exercer?<\/p>\n<p>Veuillez remplir <a href=\"\/qc\/retiring\">le formulaire ci-dessous<\/a> pour nous aviser de l\u2019endroit o\u00f9 vos dossiers seront conserv\u00e9s \u00e0 l\u2019avenir.<\/p>\n<p>\u00a0<\/p>\n<p>\u00a0<\/p>\n<p>\u00a0<\/p><\/div><\/div><\/p>\n<p>\u00a0<\/p>\n<table width=\"80%\" align=\"center\">\n<tbody>\n<tr>\n<td width=\"45%\" align=\"right\"><a href=\"http:\/\/www.ccla-abcc.ca\/\"><img loading=\"lazy\" decoding=\"async\" src=\"https:\/\/willcheck.ca\/wp-content\/uploads\/2018\/04\/cclacenprigrayrgb300-small.png\" alt=\"\" width=\"230\" height=\"130\" class=\"alignnone wp-image-584\" \/><\/a><\/td>\n<td width=\"10%\"><\/td>\n<td width=\"45%\" align=\"left\" valign=\"center\"><a href=\"http:\/\/www.fola.ca\/\"><img loading=\"lazy\" decoding=\"async\" src=\"https:\/\/willcheck.ca\/wp-content\/uploads\/2018\/04\/fola-trans-300x69.png\" alt=\"\" width=\"300\" height=\"69\" class=\"alignnone wp-image-583 size-medium\" srcset=\"https:\/\/willcheck.ca\/wp-content\/uploads\/2018\/04\/fola-trans-300x69.png 300w, https:\/\/willcheck.ca\/wp-content\/uploads\/2018\/04\/fola-trans.png 433w\" sizes=\"auto, (max-width: 300px) 100vw, 300px\" \/><\/a><\/td>\n<\/tr>\n<\/tbody>\n<\/table>\n<p>\u00a0<\/p>\n","protected":false},"excerpt":{"rendered":"<p>Qu&#8217;est-ce que Will Check? Une longue p\u00e9riode de temps s&#8217;\u00e9coule souvent entre la date \u00e0 laquelle quelqu&#8217;un qui fait un testament et la date \u00e0 laquelle quelqu&#8217;un d&#8217;autre a besoin de le r\u00e9cup\u00e9rer. Les avocats<a class=\"moretag\" href=\"https:\/\/willcheck.ca\/qc\/\"> Read more<\/a><\/p>\n","protected":false},"author":1,"featured_media":0,"parent":0,"menu_order":0,"comment_status":"closed","ping_status":"closed","template":"","meta":{"footnotes":""},"class_list":["post-534","page","type-page","status-publish","hentry"],"_links":{"self":[{"href":"https:\/\/willcheck.ca\/qc\/wp-json\/wp\/v2\/pages\/534","targetHints":{"allow":["GET"]}}],"collection":[{"href":"https:\/\/willcheck.ca\/qc\/wp-json\/wp\/v2\/pages"}],"about":[{"href":"https:\/\/willcheck.ca\/qc\/wp-json\/wp\/v2\/types\/page"}],"author":[{"embeddable":true,"href":"https:\/\/willcheck.ca\/qc\/wp-json\/wp\/v2\/users\/1"}],"replies":[{"embeddable":true,"href":"https:\/\/willcheck.ca\/qc\/wp-json\/wp\/v2\/comments?post=534"}],"version-history":[{"count":72,"href":"https:\/\/willcheck.ca\/qc\/wp-json\/wp\/v2\/pages\/534\/revisions"}],"predecessor-version":[{"id":586,"href":"https:\/\/willcheck.ca\/qc\/wp-json\/wp\/v2\/pages\/534\/revisions\/586"}],"wp:attachment":[{"href":"https:\/\/willcheck.ca\/qc\/wp-json\/wp\/v2\/media?parent=534"}],"curies":[{"name":"wp","href":"https:\/\/api.w.org\/{rel}","templated":true}]}}