{"id":633,"date":"2018-04-27T17:38:35","date_gmt":"2018-04-27T17:38:35","guid":{"rendered":"https:\/\/willcheck.ca\/?page_id=633"},"modified":"2021-10-18T16:58:02","modified_gmt":"2021-10-18T16:58:02","slug":"faq","status":"publish","type":"page","link":"https:\/\/willcheck.ca\/qc\/faq\/","title":{"rendered":"Foire aux questions"},"content":{"rendered":"<p><strong>Qui g\u00e8re ce site Web?<\/strong><\/p>\n<p>Will Check est un service offert par la biblioth\u00e8que de l\u2019Association du Barreau du Comt\u00e9 de Carleton. Apprenez-en plus sur nous en cliquant <a href=\"http:\/\/www.ccla-abcc.ca\">ici<\/a>. Will Check a b\u00e9n\u00e9fici\u00e9 d\u2019un financement de la <a href=\"http:\/\/www.fola.ca\">F\u00e9d\u00e9ration des associations du Barreau de l\u2019Ontario<\/a> (FOLA) (2016 Practice Resource Centre Innovation Award).<\/p>\n<p><strong>Est-ce qu\u2019il y a des frais?<\/strong><\/p>\n<p>Il n\u2019y a pas de frais pour verser des renseignements relatifs aux clients \u00e0 Will Check. Les recherches de renseignements consign\u00e9s dans notre base de donn\u00e9es sont sans frais \u00e0 l&#8217;heure actuelle.<\/p>\n<p><strong>Quelles sont les mesures de pr\u00e9caution prises pour garantir la s\u00e9curit\u00e9 des renseignements?<\/strong><\/p>\n<p>Pour la s\u00e9curit\u00e9 des testateurs, les testaments ne sont pas consign\u00e9s dans Will Check. Seuls les renseignements d\u00e9signant l\u2019avocat ou le cabinet o\u00f9 le testament est conserv\u00e9, ainsi que les renseignements n\u00e9cessaire pour l&#8217;indentification des testateurs sont conserv\u00e9s. Pour plus de d\u00e9tails, veuillez consulter notre <a href=\"\/wp-content\/uploads\/2018\/05\/Will-Check-Privacy-Policy-ENFR.pdf\">politique de confidentialit\u00e9<\/a> et les <a href=\"\/wp-content\/uploads\/2018\/05\/Will-Check-Terms-of-Use-ENFR.pdf\">conditions d\u2019utilisation<\/a>.<\/p>\n<p><strong>Comment puis-je obtenir le consentement de mon client?<\/strong><\/p>\n<p>Nous avons pr\u00e9par\u00e9 une <a href=\"\/wp-content\/uploads\/Sample-Release-FR.docx\">formule de consentement<\/a> que nous mettons \u00e0 votre disposition. Il suffit d\u2019en reprendre le texte \u00e0 imprimer sur votre propre papier \u00e0 en-t\u00eate, ou encore d\u2019utiliser le n\u00f4tre. Vous trouverez un fichier en format Word contenant ce texte ici.<\/p>\n<p><strong>Comment faire une demande dans la base de donn\u00e9es?<\/strong><\/p>\n<p>Il suffit de <a href=\"\/qc\/find\">remplir le formulaire<\/a>. Nous vous fournirons une r\u00e9ponse dans les trois jours ouvrables suivants. Veuillez noter que nous ne traitons que les demandes de membres du Barreau de l\u2019Ontario ou l\u2019\u00e9quivalent \u00e0 l\u2019heure actuelle.<\/p>\n<p><strong>Les renseignements rep\u00e9rables dans la base remontent jusqu\u2019\u00e0 quelle ann\u00e9e?<\/strong><\/p>\n<p>La collecte de donn\u00e9es \u00e0 consigner dans la Will Check a commenc\u00e9 en 2017. En soi, les renseignements qu\u2019elle contient remontent jusqu\u2019\u00e0 cette ann\u00e9e-l\u00e0.<\/p>\n<p><strong>Je ne suis pas avocat, mais je souhaite consulter mes renseignements consign\u00e9s dans Will Check. Comment devrais-je proc\u00e9der?<\/strong><\/p>\n<p>Veuillez vous adresser \u00e0 l\u2019avocat qui a r\u00e9dig\u00e9 votre testament pour lui demander de nous soumettre la demande.<\/p>\n<p><strong>J&#8217;ai d&#8217;autres questions \/ commentaires pour vous.<\/strong><\/p>\n<p>Si vous avez des questions au sujet de Will Check, <a href=\"mailto:library@ccla-abcc.ca\">veuillez communiquer<\/a> avec la biblioth\u00e8que de l\u2019Association du Barreau du Comt\u00e9 de Carleton.<\/p>\n","protected":false},"excerpt":{"rendered":"<p>Qui g\u00e8re ce site Web? Will Check est un service offert par la biblioth\u00e8que de l\u2019Association du Barreau du Comt\u00e9 de Carleton. Apprenez-en plus sur nous en cliquant ici. Will Check a b\u00e9n\u00e9fici\u00e9 d\u2019un financement<a class=\"moretag\" href=\"https:\/\/willcheck.ca\/qc\/faq\/\"> Read more<\/a><\/p>\n","protected":false},"author":1,"featured_media":0,"parent":0,"menu_order":0,"comment_status":"closed","ping_status":"closed","template":"","meta":{"footnotes":""},"class_list":["post-633","page","type-page","status-publish","hentry"],"_links":{"self":[{"href":"https:\/\/willcheck.ca\/qc\/wp-json\/wp\/v2\/pages\/633","targetHints":{"allow":["GET"]}}],"collection":[{"href":"https:\/\/willcheck.ca\/qc\/wp-json\/wp\/v2\/pages"}],"about":[{"href":"https:\/\/willcheck.ca\/qc\/wp-json\/wp\/v2\/types\/page"}],"author":[{"embeddable":true,"href":"https:\/\/willcheck.ca\/qc\/wp-json\/wp\/v2\/users\/1"}],"replies":[{"embeddable":true,"href":"https:\/\/willcheck.ca\/qc\/wp-json\/wp\/v2\/comments?post=633"}],"version-history":[{"count":12,"href":"https:\/\/willcheck.ca\/qc\/wp-json\/wp\/v2\/pages\/633\/revisions"}],"predecessor-version":[{"id":796,"href":"https:\/\/willcheck.ca\/qc\/wp-json\/wp\/v2\/pages\/633\/revisions\/796"}],"wp:attachment":[{"href":"https:\/\/willcheck.ca\/qc\/wp-json\/wp\/v2\/media?parent=633"}],"curies":[{"name":"wp","href":"https:\/\/api.w.org\/{rel}","templated":true}]}}